{"id":448,"date":"2017-02-16T09:36:38","date_gmt":"2017-02-16T09:36:38","guid":{"rendered":"https:\/\/www.one-euro-a-day.ch\/?page_id=448"},"modified":"2017-02-16T09:38:48","modified_gmt":"2017-02-16T09:38:48","slug":"fondation-sahaj-marg-conditions-generales","status":"publish","type":"page","link":"https:\/\/www.one-euro-a-day.ch\/fr\/fondation-sahaj-marg-conditions-generales\/","title":{"rendered":"Fondation Sahaj Marg, Conditions g\u00e9n\u00e9rales"},"content":{"rendered":"<p>[et_pb_section admin_label=\u00a0\u00bbSection\u00a0\u00bb fullwidth=\u00a0\u00bboff\u00a0\u00bb specialty=\u00a0\u00bboff\u00a0\u00bb][et_pb_row admin_label=\u00a0\u00bbRow\u00a0\u00bb][et_pb_column type=\u00a0\u00bb4_4&Prime;][et_pb_post_title admin_label=\u00a0\u00bbPost Title\u00a0\u00bb title=\u00a0\u00bbon\u00a0\u00bb meta=\u00a0\u00bboff\u00a0\u00bb author=\u00a0\u00bbon\u00a0\u00bb date=\u00a0\u00bbon\u00a0\u00bb categories=\u00a0\u00bbon\u00a0\u00bb comments=\u00a0\u00bbon\u00a0\u00bb featured_image=\u00a0\u00bboff\u00a0\u00bb featured_placement=\u00a0\u00bbbelow\u00a0\u00bb parallax_effect=\u00a0\u00bbon\u00a0\u00bb parallax_method=\u00a0\u00bbon\u00a0\u00bb text_orientation=\u00a0\u00bbleft\u00a0\u00bb text_color=\u00a0\u00bbdark\u00a0\u00bb text_background=\u00a0\u00bboff\u00a0\u00bb text_bg_color=\u00a0\u00bbrgba(255,255,255,0.9)\u00a0\u00bb module_bg_color=\u00a0\u00bbrgba(255,255,255,0)\u00a0\u00bb title_all_caps=\u00a0\u00bboff\u00a0\u00bb use_border_color=\u00a0\u00bboff\u00a0\u00bb border_color=\u00a0\u00bb#ffffff\u00a0\u00bb border_style=\u00a0\u00bbsolid\u00a0\u00bb] [\/et_pb_post_title][et_pb_text admin_label=\u00a0\u00bbText\u00a0\u00bb background_layout=\u00a0\u00bblight\u00a0\u00bb text_orientation=\u00a0\u00bbleft\u00a0\u00bb use_border_color=\u00a0\u00bboff\u00a0\u00bb border_color=\u00a0\u00bb#ffffff\u00a0\u00bb border_style=\u00a0\u00bbsolid\u00a0\u00bb]<\/p>\n<p>La Fondation Sahaj Marg Spiritualit\u00e9 est une institution \u00e0 but non lucratif fond\u00e9e en 1994, inscrite au registre du commerce du canton de Thurgovie en Suisse (Stiftung Sahaj Marg Spiritualit\u00e4t).<\/p>\n<p>Ses ressources proviennent essentiellement de dons. L\u2019argent r\u00e9colt\u00e9 est utilis\u00e9 uniquement pour l\u2019accomplissement de ses buts statutaires qui sont, en particulier, le soutien aux mouvement Heartfulness et \u00e0 la propagation des enseignements spirituels.<\/p>\n<p>Le donateur \u00e0 la possibilit\u00e9 de s&rsquo;engager sur des paiements\u00a0r\u00e9currents mensuels.\u00a0\u00a0Ces\u00a0paiements s&rsquo;effectuent\u00a0soit au travers d&rsquo;une carte de cr\u00e9dit qui sera d\u00e9bit\u00e9e chaque mois du montant convenu lors du premier r\u00e8glement, soit par la mise en place de virement bancaire permanent, de compte \u00e0 compte.<\/p>\n<p>Ces versements sont effectu\u00e9s\u00a0sans action suppl\u00e9mentaire du donateur, et ce jusqu&rsquo;\u00e0 ce que ce dernier y mette fin ou que la carte de cr\u00e9dit\u00a0utilis\u00e9e\u00a0arrive \u00e0 expiration.<\/p>\n<p>Le donateur peut \u00e0 tout moment, acc\u00e9der \u00e0 son compte et mettre fin au paiement r\u00e9curent. Dans ce cas, aucune nouvelle transaction ne sera effectu\u00e9e.<\/p>\n<p>Les donn\u00e9es de cartes de cr\u00e9dit ne sont pas enregistr\u00e9es chez nous et ne sont pas utilis\u00e9es \u00e0 d\u2019autres fins que le don \u00e0 la fondation.<\/p>\n<p>Tous les dons et les donn\u00e9es y relatives sont confidentiels.<\/p>\n<p>Le donateur re\u00e7oit un re\u00e7u de la Fondation pour chaque versement.<\/p>\n<p>Il est libre d\u2019arr\u00eater sa souscription \u00e0 tout moment.<\/p>\n<p>Il a 5 jours pour annuler ou modifier un versement, pass\u00e9 ce d\u00e9lai, toute contestation ne sera plus possible.<\/p>\n<p>Le donateur ne peut pas exiger une utilisation particuli\u00e8re pour ses dons.<\/p>\n<p>Contact\u00a0: le tr\u00e9sorier de la fondation\u00a0: <a href=\"mailto:ch.treasurer@sahajmarg.org\">ch.treasurer@sahajmarg.org<\/a><\/p>\n<p>[\/et_pb_text][\/et_pb_column][\/et_pb_row][\/et_pb_section]<\/p>\n","protected":false},"excerpt":{"rendered":"<p>La Fondation Sahaj Marg Spiritualit\u00e9 est une institution \u00e0 but non lucratif fond\u00e9e en 1994, inscrite au registre du commerce du canton de Thurgovie en Suisse (Stiftung Sahaj Marg Spiritualit\u00e4t). Ses ressources proviennent essentiellement de dons. L\u2019argent r\u00e9colt\u00e9 est utilis\u00e9 uniquement pour l\u2019accomplissement de ses buts statutaires qui sont, en particulier, le soutien aux mouvement [&hellip;]<\/p>\n","protected":false},"author":4,"featured_media":0,"parent":0,"menu_order":0,"comment_status":"closed","ping_status":"closed","template":"","meta":{"_et_pb_use_builder":"on","_et_pb_old_content":"","_et_gb_content_width":"","footnotes":""},"class_list":["post-448","page","type-page","status-publish","hentry"],"yoast_head":"<!-- This site is optimized with the Yoast SEO plugin v27.2 - https:\/\/yoast.com\/product\/yoast-seo-wordpress\/ -->\n<title>Fondation Sahaj Marg, Conditions g\u00e9n\u00e9rales - One euro a day<\/title>\n<meta name=\"robots\" content=\"index, follow, max-snippet:-1, max-image-preview:large, max-video-preview:-1\" \/>\n<link rel=\"canonical\" href=\"https:\/\/www.one-euro-a-day.ch\/fr\/fondation-sahaj-marg-conditions-generales\/\" \/>\n<meta property=\"og:locale\" content=\"fr_FR\" \/>\n<meta property=\"og:type\" content=\"article\" \/>\n<meta property=\"og:title\" content=\"Fondation Sahaj Marg, Conditions g\u00e9n\u00e9rales - One euro a day\" \/>\n<meta property=\"og:description\" content=\"La Fondation Sahaj Marg Spiritualit\u00e9 est une institution \u00e0 but non lucratif fond\u00e9e en 1994, inscrite au registre du commerce du canton de Thurgovie en Suisse (Stiftung Sahaj Marg Spiritualit\u00e4t). Ses ressources proviennent essentiellement de dons. L\u2019argent r\u00e9colt\u00e9 est utilis\u00e9 uniquement pour l\u2019accomplissement de ses buts statutaires qui sont, en particulier, le soutien aux mouvement [&hellip;]\" \/>\n<meta property=\"og:url\" content=\"https:\/\/www.one-euro-a-day.ch\/fr\/fondation-sahaj-marg-conditions-generales\/\" \/>\n<meta property=\"og:site_name\" content=\"One euro a day\" \/>\n<meta property=\"article:modified_time\" content=\"2017-02-16T09:38:48+00:00\" \/>\n<meta name=\"twitter:card\" content=\"summary_large_image\" \/>\n<meta name=\"twitter:label1\" content=\"Dur\u00e9e de lecture estim\u00e9e\" \/>\n\t<meta name=\"twitter:data1\" content=\"2 minutes\" \/>\n<script type=\"application\/ld+json\" class=\"yoast-schema-graph\">{\"@context\":\"https:\/\/schema.org\",\"@graph\":[{\"@type\":\"WebPage\",\"@id\":\"https:\/\/www.one-euro-a-day.ch\/fr\/fondation-sahaj-marg-conditions-generales\/\",\"url\":\"https:\/\/www.one-euro-a-day.ch\/fr\/fondation-sahaj-marg-conditions-generales\/\",\"name\":\"Fondation Sahaj Marg, Conditions g\u00e9n\u00e9rales - One euro a day\",\"isPartOf\":{\"@id\":\"https:\/\/www.one-euro-a-day.ch\/fr\/#website\"},\"datePublished\":\"2017-02-16T09:36:38+00:00\",\"dateModified\":\"2017-02-16T09:38:48+00:00\",\"breadcrumb\":{\"@id\":\"https:\/\/www.one-euro-a-day.ch\/fr\/fondation-sahaj-marg-conditions-generales\/#breadcrumb\"},\"inLanguage\":\"fr-FR\",\"potentialAction\":[{\"@type\":\"ReadAction\",\"target\":[\"https:\/\/www.one-euro-a-day.ch\/fr\/fondation-sahaj-marg-conditions-generales\/\"]}]},{\"@type\":\"BreadcrumbList\",\"@id\":\"https:\/\/www.one-euro-a-day.ch\/fr\/fondation-sahaj-marg-conditions-generales\/#breadcrumb\",\"itemListElement\":[{\"@type\":\"ListItem\",\"position\":1,\"name\":\"Home\",\"item\":\"https:\/\/www.one-euro-a-day.ch\/fr\/\"},{\"@type\":\"ListItem\",\"position\":2,\"name\":\"Fondation Sahaj Marg, Conditions g\u00e9n\u00e9rales\"}]},{\"@type\":\"WebSite\",\"@id\":\"https:\/\/www.one-euro-a-day.ch\/fr\/#website\",\"url\":\"https:\/\/www.one-euro-a-day.ch\/fr\/\",\"name\":\"One euro a day\",\"description\":\"Heartfulness is an approach to life that helps us understand why meditate? It helps integrate our inner world with the outer world peacefully.\",\"potentialAction\":[{\"@type\":\"SearchAction\",\"target\":{\"@type\":\"EntryPoint\",\"urlTemplate\":\"https:\/\/www.one-euro-a-day.ch\/fr\/?s={search_term_string}\"},\"query-input\":{\"@type\":\"PropertyValueSpecification\",\"valueRequired\":true,\"valueName\":\"search_term_string\"}}],\"inLanguage\":\"fr-FR\"}]}<\/script>\n<!-- \/ Yoast SEO plugin. -->","yoast_head_json":{"title":"Fondation Sahaj Marg, Conditions g\u00e9n\u00e9rales - One euro a day","robots":{"index":"index","follow":"follow","max-snippet":"max-snippet:-1","max-image-preview":"max-image-preview:large","max-video-preview":"max-video-preview:-1"},"canonical":"https:\/\/www.one-euro-a-day.ch\/fr\/fondation-sahaj-marg-conditions-generales\/","og_locale":"fr_FR","og_type":"article","og_title":"Fondation Sahaj Marg, Conditions g\u00e9n\u00e9rales - One euro a day","og_description":"La Fondation Sahaj Marg Spiritualit\u00e9 est une institution \u00e0 but non lucratif fond\u00e9e en 1994, inscrite au registre du commerce du canton de Thurgovie en Suisse (Stiftung Sahaj Marg Spiritualit\u00e4t). Ses ressources proviennent essentiellement de dons. L\u2019argent r\u00e9colt\u00e9 est utilis\u00e9 uniquement pour l\u2019accomplissement de ses buts statutaires qui sont, en particulier, le soutien aux mouvement [&hellip;]","og_url":"https:\/\/www.one-euro-a-day.ch\/fr\/fondation-sahaj-marg-conditions-generales\/","og_site_name":"One euro a day","article_modified_time":"2017-02-16T09:38:48+00:00","twitter_card":"summary_large_image","twitter_misc":{"Dur\u00e9e de lecture estim\u00e9e":"2 minutes"},"schema":{"@context":"https:\/\/schema.org","@graph":[{"@type":"WebPage","@id":"https:\/\/www.one-euro-a-day.ch\/fr\/fondation-sahaj-marg-conditions-generales\/","url":"https:\/\/www.one-euro-a-day.ch\/fr\/fondation-sahaj-marg-conditions-generales\/","name":"Fondation Sahaj Marg, Conditions g\u00e9n\u00e9rales - One euro a day","isPartOf":{"@id":"https:\/\/www.one-euro-a-day.ch\/fr\/#website"},"datePublished":"2017-02-16T09:36:38+00:00","dateModified":"2017-02-16T09:38:48+00:00","breadcrumb":{"@id":"https:\/\/www.one-euro-a-day.ch\/fr\/fondation-sahaj-marg-conditions-generales\/#breadcrumb"},"inLanguage":"fr-FR","potentialAction":[{"@type":"ReadAction","target":["https:\/\/www.one-euro-a-day.ch\/fr\/fondation-sahaj-marg-conditions-generales\/"]}]},{"@type":"BreadcrumbList","@id":"https:\/\/www.one-euro-a-day.ch\/fr\/fondation-sahaj-marg-conditions-generales\/#breadcrumb","itemListElement":[{"@type":"ListItem","position":1,"name":"Home","item":"https:\/\/www.one-euro-a-day.ch\/fr\/"},{"@type":"ListItem","position":2,"name":"Fondation Sahaj Marg, Conditions g\u00e9n\u00e9rales"}]},{"@type":"WebSite","@id":"https:\/\/www.one-euro-a-day.ch\/fr\/#website","url":"https:\/\/www.one-euro-a-day.ch\/fr\/","name":"One euro a day","description":"Heartfulness is an approach to life that helps us understand why meditate? It helps integrate our inner world with the outer world peacefully.","potentialAction":[{"@type":"SearchAction","target":{"@type":"EntryPoint","urlTemplate":"https:\/\/www.one-euro-a-day.ch\/fr\/?s={search_term_string}"},"query-input":{"@type":"PropertyValueSpecification","valueRequired":true,"valueName":"search_term_string"}}],"inLanguage":"fr-FR"}]}},"_links":{"self":[{"href":"https:\/\/www.one-euro-a-day.ch\/fr\/wp-json\/wp\/v2\/pages\/448","targetHints":{"allow":["GET"]}}],"collection":[{"href":"https:\/\/www.one-euro-a-day.ch\/fr\/wp-json\/wp\/v2\/pages"}],"about":[{"href":"https:\/\/www.one-euro-a-day.ch\/fr\/wp-json\/wp\/v2\/types\/page"}],"author":[{"embeddable":true,"href":"https:\/\/www.one-euro-a-day.ch\/fr\/wp-json\/wp\/v2\/users\/4"}],"replies":[{"embeddable":true,"href":"https:\/\/www.one-euro-a-day.ch\/fr\/wp-json\/wp\/v2\/comments?post=448"}],"version-history":[{"count":2,"href":"https:\/\/www.one-euro-a-day.ch\/fr\/wp-json\/wp\/v2\/pages\/448\/revisions"}],"predecessor-version":[{"id":647,"href":"https:\/\/www.one-euro-a-day.ch\/fr\/wp-json\/wp\/v2\/pages\/448\/revisions\/647"}],"wp:attachment":[{"href":"https:\/\/www.one-euro-a-day.ch\/fr\/wp-json\/wp\/v2\/media?parent=448"}],"curies":[{"name":"wp","href":"https:\/\/api.w.org\/{rel}","templated":true}]}}